{"id":54,"date":"2022-06-01T08:51:43","date_gmt":"2022-06-01T08:51:43","guid":{"rendered":"https:\/\/construccionesfranciscoroca.com\/?page_id=54"},"modified":"2022-06-01T08:51:45","modified_gmt":"2022-06-01T08:51:45","slug":"inicio","status":"publish","type":"page","link":"https:\/\/construccionesfranciscoroca.com\/","title":{"rendered":"Inicio"},"content":{"rendered":"\n<p style=\"font-size:20px\"><strong><em>Historia de la empresa<\/em><\/strong><\/p>\n\n\n\n<p>Construcciones Francisco Roca S\u00e1nchez, S.L., se funda en Roche \u2013 La Uni\u00f3n en 1.972 por D.<br>Francisco Roca S\u00e1nchez, que tras un largo periodo de ejercicio de la profesi\u00f3n como aut\u00f3nomo, y con las<br>recomendaciones de sus propios clientes, crea la sociedad con el fin de prestar unos servicios que el mercado<br>de la \u00e9poca demandaba pero que a su vez no estaban cubiertos con las exigencias en cuanto a los requisitos de<br>calidad y cumplimiento de plazos de entrega se precisaba.<\/p>\n\n\n\n<p><br>Construcciones Francisco Roca S\u00e1nchez, S.L. sito en C\/ Huerto, no1 Roche-La Uni\u00f3n-Murcia<br>desarrolla sus labores dentro de la actividad de la construcci\u00f3n, contando para ello con personal y maquinaria<br>adecuada para cumplir con las especificaciones t\u00e9cnicas requeridas por nuestros clientes.<br>La pol\u00edtica de la empresa se ha basado en la detecci\u00f3n de las necesidades de nuestros clientes,<br>cumplimiento de los requisitos establecidos tanto en calidad como en plazos de entrega y satisfacci\u00f3n de<br>nuestros clientes para conseguir su fidelizaci\u00f3n.<\/p>\n\n\n\n<p><br>Nuestra intenci\u00f3n respecto al presente proyecto es poder contratar con la Administraci\u00f3n grandes<br>proyectos, sinti\u00e9ndonos plenamente capacitados para ello, tanto en nuestra capacidad t\u00e9cnica, medios<br>materiales humanos y financieros, ya que adem\u00e1s de ganarnos d\u00eda a d\u00eda la confianza de nuestros clientes,<br>contamos con la de nuestros proveedores y bancos, dada nuestra gran seriedad y formalidad en cuanto a pagos<br>y cumplimiento de compromisos morales y empresariales.<\/p>\n","protected":false},"excerpt":{"rendered":"<p>Historia de la empresa Construcciones Francisco Roca S\u00e1nchez, S.L., se funda en Roche \u2013 La Uni\u00f3n en 1.972 por D.Francisco Roca S\u00e1nchez, que tras un &hellip;<\/p>\n","protected":false},"author":1,"featured_media":0,"parent":0,"menu_order":0,"comment_status":"closed","ping_status":"closed","template":"","meta":{"footnotes":""},"_links":{"self":[{"href":"https:\/\/construccionesfranciscoroca.com\/index.php?rest_route=\/wp\/v2\/pages\/54"}],"collection":[{"href":"https:\/\/construccionesfranciscoroca.com\/index.php?rest_route=\/wp\/v2\/pages"}],"about":[{"href":"https:\/\/construccionesfranciscoroca.com\/index.php?rest_route=\/wp\/v2\/types\/page"}],"author":[{"embeddable":true,"href":"https:\/\/construccionesfranciscoroca.com\/index.php?rest_route=\/wp\/v2\/users\/1"}],"replies":[{"embeddable":true,"href":"https:\/\/construccionesfranciscoroca.com\/index.php?rest_route=%2Fwp%2Fv2%2Fcomments&post=54"}],"version-history":[{"count":1,"href":"https:\/\/construccionesfranciscoroca.com\/index.php?rest_route=\/wp\/v2\/pages\/54\/revisions"}],"predecessor-version":[{"id":55,"href":"https:\/\/construccionesfranciscoroca.com\/index.php?rest_route=\/wp\/v2\/pages\/54\/revisions\/55"}],"wp:attachment":[{"href":"https:\/\/construccionesfranciscoroca.com\/index.php?rest_route=%2Fwp%2Fv2%2Fmedia&parent=54"}],"curies":[{"name":"wp","href":"https:\/\/api.w.org\/{rel}","templated":true}]}}